{"id":108,"date":"2021-09-10T20:18:24","date_gmt":"2021-09-10T18:18:24","guid":{"rendered":"https:\/\/www.lhomme-consulting.fr\/?page_id=108"},"modified":"2024-12-21T22:23:08","modified_gmt":"2024-12-21T21:23:08","slug":"presentation","status":"publish","type":"page","link":"https:\/\/www.lhomme-consulting.fr\/?page_id=108","title":{"rendered":"Pr\u00e9sentation"},"content":{"rendered":"\n<p><strong>\ud83d\ude80 10 ans d\u2019exp\u00e9rience dans l\u2019\u00e9ducation : Pr\u00eats \u00e0 vous propulser dans l\u2019\u00e8re num\u00e9rique !<\/strong><\/p>\n\n\n\n<h3 class=\"wp-block-heading\">Pourquoi faire appel \u00e0 nous ?<\/h3>\n\n\n\n<p>Parce que passer au num\u00e9rique, ce n\u2019est pas juste appuyer sur un bouton magique. C\u2019est une aventure pleine de d\u00e9cisions importantes, parfois d\u00e9routantes. On est l\u00e0 pour vous \u00e9viter les casse-t\u00eates et vous accompagner \u00e0 chaque \u00e9tape.<\/p>\n\n\n\n<p>Notre mission ? Faire de votre transition num\u00e9rique une vraie success story. On fixe ensemble des objectifs clairs (court, moyen et long terme), pour que vous puissiez avancer \u00e0 votre rythme, sans stresser ni ralentir vos \u00e9quipes.<\/p>\n\n\n\n<h3 class=\"wp-block-heading\">Comment \u00e7a marche ?<\/h3>\n\n\n\n<p>Pas de bla-bla, on commence par du concret :<\/p>\n\n\n\n<ul class=\"wp-block-list\">\n<li><strong>On fait le point<\/strong> sur vos outils et vos pratiques actuels.<\/li>\n\n\n\n<li><strong>On planifie<\/strong> une feuille de route sur mesure : votre guide pour une transition zen et ma\u00eetris\u00e9e.<\/li>\n<\/ul>\n\n\n\n<p>Besoin de d\u00e9ployer des iPads ou des tablettes ? Pas de panique, on conna\u00eet la chanson. Que vous optiez pour la location (avec son petit lot de questions pratiques et financi\u00e8res) ou que vous cherchiez des formations pros, on est l\u00e0 pour vous simplifier la vie.<\/p>\n\n\n\n<p>Avec nous, le num\u00e9rique devient un jeu d\u2019enfant (ou presque \ud83d\ude09). Alors, pr\u00eats \u00e0 faire le grand saut ?<\/p>\n\n\n\n<p><\/p>\n","protected":false},"excerpt":{"rendered":"<p>\ud83d\ude80 10 ans d\u2019exp\u00e9rience dans l\u2019\u00e9ducation : Pr\u00eats \u00e0 vous propulser dans l\u2019\u00e8re num\u00e9rique ! Pourquoi faire appel \u00e0 nous ? Parce que passer au num\u00e9rique, ce n\u2019est pas juste appuyer sur un bouton magique. C\u2019est une aventure pleine de d\u00e9cisions importantes, parfois d\u00e9routantes. On est l\u00e0 pour vous \u00e9viter les casse-t\u00eates et vous accompagner [&hellip;]<\/p>\n","protected":false},"author":1,"featured_media":0,"parent":0,"menu_order":0,"comment_status":"closed","ping_status":"closed","template":"","meta":{"footnotes":""},"class_list":["post-108","page","type-page","status-publish","hentry"],"_links":{"self":[{"href":"https:\/\/www.lhomme-consulting.fr\/index.php?rest_route=\/wp\/v2\/pages\/108","targetHints":{"allow":["GET"]}}],"collection":[{"href":"https:\/\/www.lhomme-consulting.fr\/index.php?rest_route=\/wp\/v2\/pages"}],"about":[{"href":"https:\/\/www.lhomme-consulting.fr\/index.php?rest_route=\/wp\/v2\/types\/page"}],"author":[{"embeddable":true,"href":"https:\/\/www.lhomme-consulting.fr\/index.php?rest_route=\/wp\/v2\/users\/1"}],"replies":[{"embeddable":true,"href":"https:\/\/www.lhomme-consulting.fr\/index.php?rest_route=%2Fwp%2Fv2%2Fcomments&post=108"}],"version-history":[{"count":3,"href":"https:\/\/www.lhomme-consulting.fr\/index.php?rest_route=\/wp\/v2\/pages\/108\/revisions"}],"predecessor-version":[{"id":144,"href":"https:\/\/www.lhomme-consulting.fr\/index.php?rest_route=\/wp\/v2\/pages\/108\/revisions\/144"}],"wp:attachment":[{"href":"https:\/\/www.lhomme-consulting.fr\/index.php?rest_route=%2Fwp%2Fv2%2Fmedia&parent=108"}],"curies":[{"name":"wp","href":"https:\/\/api.w.org\/{rel}","templated":true}]}}